{"id":15168,"date":"2021-02-10T12:31:52","date_gmt":"2021-02-10T11:31:52","guid":{"rendered":"https:\/\/facelvegashop.testjouw.website\/?page_id=15168"},"modified":"2021-10-05T11:12:15","modified_gmt":"2021-10-05T10:12:15","slug":"contact-3","status":"publish","type":"page","link":"https:\/\/www.facelvega.shop\/fr\/contact-3\/","title":{"rendered":"Contact"},"content":{"rendered":"\t\t<div data-elementor-type=\"wp-page\" data-elementor-id=\"15168\" class=\"elementor elementor-15168 elementor-3492\" data-elementor-post-type=\"page\">\n\t\t\t\t\t\t<section data-particle_enable=\"false\" data-particle-mobile-disabled=\"false\" class=\"has_ae_slider elementor-section elementor-top-section elementor-element elementor-element-2689ad8 elementor-section-full_width elementor-section-height-default elementor-section-height-default ae-bg-gallery-type-default\" data-id=\"2689ad8\" data-element_type=\"section\" data-e-type=\"section\">\n\t\t\t\t\t\t<div class=\"elementor-container elementor-column-gap-default\">\n\t\t\t\t\t<div class=\"has_ae_slider elementor-column elementor-col-25 elementor-top-column elementor-element elementor-element-d2050de elementor-hidden-tablet elementor-hidden-phone ae-bg-gallery-type-default\" data-id=\"d2050de\" data-element_type=\"column\" data-e-type=\"column\">\n\t\t\t<div class=\"elementor-widget-wrap\">\n\t\t\t\t\t\t\t<\/div>\n\t\t<\/div>\n\t\t\t\t<div class=\"has_ae_slider elementor-column elementor-col-50 elementor-top-column elementor-element elementor-element-74b250c ae-bg-gallery-type-default\" data-id=\"74b250c\" data-element_type=\"column\" data-e-type=\"column\">\n\t\t\t<div class=\"elementor-widget-wrap elementor-element-populated\">\n\t\t\t\t\t\t<div class=\"elementor-element elementor-element-92477d5 elementor-widget elementor-widget-heading\" data-id=\"92477d5\" data-element_type=\"widget\" data-e-type=\"widget\" data-widget_type=\"heading.default\">\n\t\t\t\t<div class=\"elementor-widget-container\">\n\t\t\t\t\t<h2 class=\"elementor-heading-title elementor-size-default\">Contact<\/h2>\t\t\t\t<\/div>\n\t\t\t\t<\/div>\n\t\t\t\t<div class=\"elementor-element elementor-element-a128f3d elementor-widget elementor-widget-heading\" data-id=\"a128f3d\" data-element_type=\"widget\" data-e-type=\"widget\" data-widget_type=\"heading.default\">\n\t\t\t\t<div class=\"elementor-widget-container\">\n\t\t\t\t\t<h1 class=\"elementor-heading-title elementor-size-default\">Comment pouvons-nous vous aider?<\/h1>\t\t\t\t<\/div>\n\t\t\t\t<\/div>\n\t\t\t\t\t<\/div>\n\t\t<\/div>\n\t\t\t\t<div class=\"has_ae_slider elementor-column elementor-col-25 elementor-top-column elementor-element elementor-element-5500e63 elementor-hidden-phone ae-bg-gallery-type-default\" data-id=\"5500e63\" data-element_type=\"column\" data-e-type=\"column\">\n\t\t\t<div class=\"elementor-widget-wrap elementor-element-populated\">\n\t\t\t\t\t\t<div class=\"elementor-element elementor-element-73834e9 elementor-widget elementor-widget-image\" data-id=\"73834e9\" data-element_type=\"widget\" data-e-type=\"widget\" data-widget_type=\"image.default\">\n\t\t\t\t<div class=\"elementor-widget-container\">\n\t\t\t\t\t\t\t\t\t\t\t\t\t\t\t<img fetchpriority=\"high\" decoding=\"async\" width=\"800\" height=\"634\" src=\"https:\/\/www.facelvega.shop\/wp-content\/uploads\/2020\/01\/facel-vega.jpg\" class=\"attachment-large size-large wp-image-17334\" alt=\"\" srcset=\"https:\/\/www.facelvega.shop\/wp-content\/uploads\/2020\/01\/facel-vega.jpg 900w, https:\/\/www.facelvega.shop\/wp-content\/uploads\/2020\/01\/facel-vega-300x238.jpg 300w, https:\/\/www.facelvega.shop\/wp-content\/uploads\/2020\/01\/facel-vega-768x608.jpg 768w\" sizes=\"(max-width: 800px) 100vw, 800px\" \/>\t\t\t\t\t\t\t\t\t\t\t\t\t\t\t<\/div>\n\t\t\t\t<\/div>\n\t\t\t\t\t<\/div>\n\t\t<\/div>\n\t\t\t\t\t<\/div>\n\t\t<\/section>\n\t\t\t\t<section data-particle_enable=\"false\" data-particle-mobile-disabled=\"false\" class=\"has_ae_slider elementor-section elementor-top-section elementor-element elementor-element-7e7a2c0 elementor-section-boxed elementor-section-height-default elementor-section-height-default ae-bg-gallery-type-default\" data-id=\"7e7a2c0\" data-element_type=\"section\" data-e-type=\"section\" data-settings=\"{&quot;background_background&quot;:&quot;gradient&quot;}\">\n\t\t\t\t\t\t<div class=\"elementor-container elementor-column-gap-default\">\n\t\t\t\t\t<div class=\"has_ae_slider elementor-column elementor-col-50 elementor-top-column elementor-element elementor-element-ac0c820 ae-bg-gallery-type-default\" data-id=\"ac0c820\" data-element_type=\"column\" data-e-type=\"column\" data-settings=\"{&quot;background_background&quot;:&quot;classic&quot;}\">\n\t\t\t<div class=\"elementor-widget-wrap elementor-element-populated\">\n\t\t\t\t\t\t<div class=\"elementor-element elementor-element-e3a6826 elementor-widget elementor-widget-heading\" data-id=\"e3a6826\" data-element_type=\"widget\" data-e-type=\"widget\" data-widget_type=\"heading.default\">\n\t\t\t\t<div class=\"elementor-widget-container\">\n\t\t\t\t\t<h2 class=\"elementor-heading-title elementor-size-default\">Envoyer un message<\/h2>\t\t\t\t<\/div>\n\t\t\t\t<\/div>\n\t\t\t\t<div class=\"elementor-element elementor-element-5e8ca02 elementor-button-align-stretch elementor-widget elementor-widget-form\" data-id=\"5e8ca02\" data-element_type=\"widget\" data-e-type=\"widget\" data-settings=\"{&quot;step_next_label&quot;:&quot;Next&quot;,&quot;step_previous_label&quot;:&quot;Previous&quot;,&quot;button_width&quot;:&quot;100&quot;,&quot;step_type&quot;:&quot;number_text&quot;,&quot;step_icon_shape&quot;:&quot;circle&quot;}\" data-widget_type=\"form.default\">\n\t\t\t\t<div class=\"elementor-widget-container\">\n\t\t\t\t\t\t\t<form class=\"elementor-form\" method=\"post\" name=\"Nieuw Formulier\" aria-label=\"Nieuw Formulier\">\n\t\t\t<input type=\"hidden\" name=\"post_id\" value=\"15168\"\/>\n\t\t\t<input type=\"hidden\" name=\"form_id\" value=\"5e8ca02\"\/>\n\t\t\t<input type=\"hidden\" name=\"referer_title\" value=\"Facel Vega Shop\" \/>\n\n\t\t\t\n\t\t\t<div class=\"elementor-form-fields-wrapper elementor-labels-\">\n\t\t\t\t\t\t\t\t<div class=\"elementor-field-type-text elementor-field-group elementor-column elementor-field-group-name elementor-col-100\">\n\t\t\t\t\t\t\t\t\t\t\t\t<label for=\"form-field-name\" class=\"elementor-field-label elementor-screen-only\">\n\t\t\t\t\t\t\t\tPr\u00e9nom et nom\t\t\t\t\t\t\t<\/label>\n\t\t\t\t\t\t\t\t\t\t\t\t\t\t<input size=\"1\" type=\"text\" name=\"form_fields[name]\" id=\"form-field-name\" class=\"elementor-field elementor-size-sm  elementor-field-textual\" placeholder=\"Pr\u00e9nom et nom\">\n\t\t\t\t\t\t\t\t\t\t\t<\/div>\n\t\t\t\t\t\t\t\t<div class=\"elementor-field-type-email elementor-field-group elementor-column elementor-field-group-email elementor-col-100 elementor-field-required\">\n\t\t\t\t\t\t\t\t\t\t\t\t<label for=\"form-field-email\" class=\"elementor-field-label elementor-screen-only\">\n\t\t\t\t\t\t\t\tE-mail\t\t\t\t\t\t\t<\/label>\n\t\t\t\t\t\t\t\t\t\t\t\t\t\t<input size=\"1\" type=\"email\" name=\"form_fields[email]\" id=\"form-field-email\" class=\"elementor-field elementor-size-sm  elementor-field-textual\" placeholder=\"E-mail\" required=\"required\">\n\t\t\t\t\t\t\t\t\t\t\t<\/div>\n\t\t\t\t\t\t\t\t<div class=\"elementor-field-type-tel elementor-field-group elementor-column elementor-field-group-field_0303aaf elementor-col-100 elementor-field-required\">\n\t\t\t\t\t\t\t\t\t\t\t\t<label for=\"form-field-field_0303aaf\" class=\"elementor-field-label elementor-screen-only\">\n\t\t\t\t\t\t\t\tNum\u00e9ro de t\u00e9l\u00e9phone\t\t\t\t\t\t\t<\/label>\n\t\t\t\t\t\t\t\t<input size=\"1\" type=\"tel\" name=\"form_fields[field_0303aaf]\" id=\"form-field-field_0303aaf\" class=\"elementor-field elementor-size-sm  elementor-field-textual\" placeholder=\"Num\u00e9ro de t\u00e9l\u00e9phone\" required=\"required\" pattern=\"[0-9()#&amp;+*-=.]+\" title=\"Seuls les caract\u00e8res de num\u00e9ros de t\u00e9l\u00e9phone (#, -, *, etc.) sont accept\u00e9s.\">\n\n\t\t\t\t\t\t<\/div>\n\t\t\t\t\t\t\t\t<div class=\"elementor-field-type-textarea elementor-field-group elementor-column elementor-field-group-message elementor-col-100\">\n\t\t\t\t\t\t\t\t\t\t\t\t<label for=\"form-field-message\" class=\"elementor-field-label elementor-screen-only\">\n\t\t\t\t\t\t\t\tMessage\t\t\t\t\t\t\t<\/label>\n\t\t\t\t\t\t<textarea class=\"elementor-field-textual elementor-field  elementor-size-sm\" name=\"form_fields[message]\" id=\"form-field-message\" rows=\"8\" placeholder=\"Message\"><\/textarea>\t\t\t\t<\/div>\n\t\t\t\t\t\t\t\t<div class=\"elementor-field-type-recaptcha_v3 elementor-field-group elementor-column elementor-field-group-field_d2db657 elementor-col-100 recaptcha_v3-bottomright\">\n\t\t\t\t\t<div class=\"elementor-field\" id=\"form-field-field_d2db657\"><div class=\"elementor-g-recaptcha\" data-sitekey=\"6LdCML4rAAAAAP734wGsRyhPuHRZPc5eXHGi5ILU\" data-type=\"v3\" data-action=\"Form\" data-badge=\"bottomright\" data-size=\"invisible\"><\/div><\/div>\t\t\t\t<\/div>\n\t\t\t\t\t\t\t\t<div class=\"elementor-field-group elementor-column elementor-field-type-submit elementor-col-100 e-form__buttons\">\n\t\t\t\t\t<button class=\"elementor-button elementor-size-sm\" type=\"submit\">\n\t\t\t\t\t\t<span class=\"elementor-button-content-wrapper\">\n\t\t\t\t\t\t\t\t\t\t\t\t\t\t\t\t\t\t\t\t\t\t<span class=\"elementor-button-text\">Envoyer<\/span>\n\t\t\t\t\t\t\t\t\t\t\t\t\t<\/span>\n\t\t\t\t\t<\/button>\n\t\t\t\t<\/div>\n\t\t\t<\/div>\n\t\t<\/form>\n\t\t\t\t\t\t<\/div>\n\t\t\t\t<\/div>\n\t\t\t\t\t<\/div>\n\t\t<\/div>\n\t\t\t\t<div class=\"has_ae_slider elementor-column elementor-col-50 elementor-top-column elementor-element elementor-element-d9935ac ae-bg-gallery-type-default\" data-id=\"d9935ac\" data-element_type=\"column\" data-e-type=\"column\" data-settings=\"{&quot;background_background&quot;:&quot;classic&quot;}\">\n\t\t\t<div class=\"elementor-widget-wrap elementor-element-populated\">\n\t\t\t\t\t\t<div class=\"elementor-element elementor-element-0353e70 elementor-widget elementor-widget-heading\" data-id=\"0353e70\" data-element_type=\"widget\" data-e-type=\"widget\" data-widget_type=\"heading.default\">\n\t\t\t\t<div class=\"elementor-widget-container\">\n\t\t\t\t\t<h3 class=\"elementor-heading-title elementor-size-default\">Contact<\/h3>\t\t\t\t<\/div>\n\t\t\t\t<\/div>\n\t\t\t\t<div class=\"elementor-element elementor-element-e419485 elementor-widget elementor-widget-text-editor\" data-id=\"e419485\" data-element_type=\"widget\" data-e-type=\"widget\" data-widget_type=\"text-editor.default\">\n\t\t\t\t<div class=\"elementor-widget-container\">\n\t\t\t\t\t\t\t\t\t<p>Tel: <span class=\"C-3\"><span style=\"text-decoration: underline;\"><span style=\"color: #ffffff;\"><a style=\"color: #ffffff;\" href=\"tel:+0031529481385\" data-dtype=\"d3ifr\" data-local-attribute=\"d3ph\" data-ved=\"2ahUKEwicv_HQ8bLzAhXpgv0HHVAlBVwQkAgoAHoECDMQAw\"><span aria-label=\"Telefoonnummer 0529 481 385 bellen\">+0031 529 481 385<\/span><\/a><\/span><\/span><\/span><\/p>\t\t\t\t\t\t\t\t<\/div>\n\t\t\t\t<\/div>\n\t\t\t\t<div class=\"elementor-element elementor-element-46167f7 elementor-widget elementor-widget-text-editor\" data-id=\"46167f7\" data-element_type=\"widget\" data-e-type=\"widget\" data-widget_type=\"text-editor.default\">\n\t\t\t\t<div class=\"elementor-widget-container\">\n\t\t\t\t\t\t\t\t\t<p>E-mail: <span style=\"text-decoration: underline;\"><span style=\"color: #ffffff;\"><a style=\"color: #ffffff; text-decoration: underline;\" href=\"mailto:info@classic-job.nl\">info@classic-job.nl<\/a><\/span><\/span><\/p>\t\t\t\t\t\t\t\t<\/div>\n\t\t\t\t<\/div>\n\t\t\t\t<div class=\"elementor-element elementor-element-0a2e0d4 elementor-widget elementor-widget-text-editor\" data-id=\"0a2e0d4\" data-element_type=\"widget\" data-e-type=\"widget\" data-widget_type=\"text-editor.default\">\n\t\t\t\t<div class=\"elementor-widget-container\">\n\t\t\t\t\t\t\t\t\t<p>&amp; <span style=\"text-decoration: underline;\"><span style=\"color: #ffffff;\"><a style=\"color: #ffffff; text-decoration: underline;\" href=\"mailto:info@amicalefacel.nl\">info@amicalefacel.nl<\/a><\/span><\/span><\/p>\t\t\t\t\t\t\t\t<\/div>\n\t\t\t\t<\/div>\n\t\t\t\t<div class=\"elementor-element elementor-element-bcea613 elementor-widget elementor-widget-heading\" data-id=\"bcea613\" data-element_type=\"widget\" data-e-type=\"widget\" data-widget_type=\"heading.default\">\n\t\t\t\t<div class=\"elementor-widget-container\">\n\t\t\t\t\t<h3 class=\"elementor-heading-title elementor-size-default\">Adresse<\/h3>\t\t\t\t<\/div>\n\t\t\t\t<\/div>\n\t\t\t\t<div class=\"elementor-element elementor-element-520c5d1 elementor-widget elementor-widget-text-editor\" data-id=\"520c5d1\" data-element_type=\"widget\" data-e-type=\"widget\" data-widget_type=\"text-editor.default\">\n\t\t\t\t<div class=\"elementor-widget-container\">\n\t\t\t\t\t\t\t\t\t<p>Classic Job BV<\/p>\t\t\t\t\t\t\t\t<\/div>\n\t\t\t\t<\/div>\n\t\t\t\t<div class=\"elementor-element elementor-element-905a687 elementor-widget elementor-widget-text-editor\" data-id=\"905a687\" data-element_type=\"widget\" data-e-type=\"widget\" data-widget_type=\"text-editor.default\">\n\t\t\t\t<div class=\"elementor-widget-container\">\n\t\t\t\t\t\t\t\t\t<p>De Vesting 24<\/p>\t\t\t\t\t\t\t\t<\/div>\n\t\t\t\t<\/div>\n\t\t\t\t<div class=\"elementor-element elementor-element-5cf999c elementor-widget elementor-widget-text-editor\" data-id=\"5cf999c\" data-element_type=\"widget\" data-e-type=\"widget\" data-widget_type=\"text-editor.default\">\n\t\t\t\t<div class=\"elementor-widget-container\">\n\t\t\t\t\t\t\t\t\t<p>7722 GA Dalfsen<\/p>\t\t\t\t\t\t\t\t<\/div>\n\t\t\t\t<\/div>\n\t\t\t\t<div class=\"elementor-element elementor-element-632186e elementor-widget elementor-widget-text-editor\" data-id=\"632186e\" data-element_type=\"widget\" data-e-type=\"widget\" data-widget_type=\"text-editor.default\">\n\t\t\t\t<div class=\"elementor-widget-container\">\n\t\t\t\t\t\t\t\t\t<p id=\"tw-target-text\" class=\"tw-data-text tw-text-large XcVN5d tw-ta\" dir=\"ltr\" data-placeholder=\"Vertaling\"><span lang=\"fr\">Les Pays-Bas<\/span><\/p>\t\t\t\t\t\t\t\t<\/div>\n\t\t\t\t<\/div>\n\t\t\t\t<div class=\"elementor-element elementor-element-dd17ecb elementor-widget elementor-widget-text-editor\" data-id=\"dd17ecb\" data-element_type=\"widget\" data-e-type=\"widget\" data-widget_type=\"text-editor.default\">\n\t\t\t\t<div class=\"elementor-widget-container\">\n\t\t\t\t\t\t\t\t\t<p id=\"tw-target-text\" class=\"tw-data-text tw-text-large XcVN5d tw-ta\" dir=\"ltr\" data-placeholder=\"Vertaling\"><span lang=\"fr\">Chambre du Commerce<\/span>: 05085561<\/p>\t\t\t\t\t\t\t\t<\/div>\n\t\t\t\t<\/div>\n\t\t\t\t<div class=\"elementor-element elementor-element-9015fa2 elementor-widget elementor-widget-text-editor\" data-id=\"9015fa2\" data-element_type=\"widget\" data-e-type=\"widget\" data-widget_type=\"text-editor.default\">\n\t\t\t\t<div class=\"elementor-widget-container\">\n\t\t\t\t\t\t\t\t\t<p id=\"tw-target-text\" class=\"tw-data-text tw-text-large XcVN5d tw-ta\" dir=\"ltr\" data-placeholder=\"Vertaling\"><span lang=\"fr\">Num\u00e9ro de TVA<\/span>: NL81807890.BO1<\/p>\t\t\t\t\t\t\t\t<\/div>\n\t\t\t\t<\/div>\n\t\t\t\t\t<\/div>\n\t\t<\/div>\n\t\t\t\t\t<\/div>\n\t\t<\/section>\n\t\t\t\t<\/div>\n\t\t","protected":false},"excerpt":{"rendered":"<p>Contact Comment pouvons-nous vous aider? Envoyer un message Contact Tel: +0031 529 481 385 E-mail: info@classic-job.nl &amp; info@amicalefacel.nl Adresse Classic Job BV De Vesting 24 7722 GA Dalfsen Les Pays-Bas Chambre du Commerce: 05085561 Num\u00e9ro de TVA: NL81807890.BO1<\/p>\n","protected":false},"author":3,"featured_media":1248,"parent":0,"menu_order":0,"comment_status":"closed","ping_status":"closed","template":"elementor_header_footer","meta":{"_acf_changed":false,"inline_featured_image":false,"footnotes":""},"class_list":["post-15168","page","type-page","status-publish","has-post-thumbnail","hentry"],"acf":[],"yoast_head":"<!-- This site is optimized with the Yoast SEO plugin v26.8 - https:\/\/yoast.com\/product\/yoast-seo-wordpress\/ -->\n<title>Facel Vega Shop<\/title>\n<meta name=\"robots\" content=\"index, follow, max-snippet:-1, max-image-preview:large, max-video-preview:-1\" \/>\n<link rel=\"canonical\" href=\"https:\/\/www.facelvega.shop\/fr\/contact-3\/\" \/>\n<meta property=\"og:locale\" content=\"fr_FR\" \/>\n<meta property=\"og:type\" content=\"article\" \/>\n<meta property=\"og:title\" content=\"Facel Vega Shop\" \/>\n<meta property=\"og:description\" content=\"Contact Comment pouvons-nous vous aider? Envoyer un message Contact Tel: +0031 529 481 385 E-mail: info@classic-job.nl &amp; info@amicalefacel.nl Adresse Classic Job BV De Vesting 24 7722 GA Dalfsen Les Pays-Bas Chambre du Commerce: 05085561 Num\u00e9ro de TVA: NL81807890.BO1\" \/>\n<meta property=\"og:url\" content=\"https:\/\/www.facelvega.shop\/fr\/contact-3\/\" \/>\n<meta property=\"og:site_name\" content=\"Facel Vega Shop\" \/>\n<meta property=\"article:modified_time\" content=\"2021-10-05T10:12:15+00:00\" \/>\n<meta property=\"og:image\" content=\"https:\/\/www.facelvega.shop\/wp-content\/uploads\/2020\/01\/facel-gray.jpg\" \/>\n\t<meta property=\"og:image:width\" content=\"1672\" \/>\n\t<meta property=\"og:image:height\" content=\"1096\" \/>\n\t<meta property=\"og:image:type\" content=\"image\/jpeg\" \/>\n<meta name=\"twitter:card\" content=\"summary_large_image\" \/>\n<meta name=\"twitter:label1\" content=\"Dur\u00e9e de lecture estim\u00e9e\" \/>\n\t<meta name=\"twitter:data1\" content=\"1 minute\" \/>\n<script type=\"application\/ld+json\" class=\"yoast-schema-graph\">{\"@context\":\"https:\/\/schema.org\",\"@graph\":[{\"@type\":\"WebPage\",\"@id\":\"https:\/\/www.facelvega.shop\/fr\/contact-3\/\",\"url\":\"https:\/\/www.facelvega.shop\/fr\/contact-3\/\",\"name\":\"Facel Vega Shop\",\"isPartOf\":{\"@id\":\"https:\/\/www.facelvega.shop\/fr\/homepage-en\/#website\"},\"primaryImageOfPage\":{\"@id\":\"https:\/\/www.facelvega.shop\/fr\/contact-3\/#primaryimage\"},\"image\":{\"@id\":\"https:\/\/www.facelvega.shop\/fr\/contact-3\/#primaryimage\"},\"thumbnailUrl\":\"https:\/\/www.facelvega.shop\/wp-content\/uploads\/2020\/01\/facel-gray.jpg\",\"datePublished\":\"2021-02-10T11:31:52+00:00\",\"dateModified\":\"2021-10-05T10:12:15+00:00\",\"breadcrumb\":{\"@id\":\"https:\/\/www.facelvega.shop\/fr\/contact-3\/#breadcrumb\"},\"inLanguage\":\"fr-FR\",\"potentialAction\":[{\"@type\":\"ReadAction\",\"target\":[\"https:\/\/www.facelvega.shop\/fr\/contact-3\/\"]}]},{\"@type\":\"ImageObject\",\"inLanguage\":\"fr-FR\",\"@id\":\"https:\/\/www.facelvega.shop\/fr\/contact-3\/#primaryimage\",\"url\":\"https:\/\/www.facelvega.shop\/wp-content\/uploads\/2020\/01\/facel-gray.jpg\",\"contentUrl\":\"https:\/\/www.facelvega.shop\/wp-content\/uploads\/2020\/01\/facel-gray.jpg\",\"width\":1672,\"height\":1096},{\"@type\":\"BreadcrumbList\",\"@id\":\"https:\/\/www.facelvega.shop\/fr\/contact-3\/#breadcrumb\",\"itemListElement\":[{\"@type\":\"ListItem\",\"position\":1,\"name\":\"Home\",\"item\":\"https:\/\/www.facelvega.shop\/fr\/homepage\/\"},{\"@type\":\"ListItem\",\"position\":2,\"name\":\"Contact\"}]},{\"@type\":\"WebSite\",\"@id\":\"https:\/\/www.facelvega.shop\/fr\/homepage-en\/#website\",\"url\":\"https:\/\/www.facelvega.shop\/fr\/homepage-en\/\",\"name\":\"Facel Vega Shop\",\"description\":\"\",\"publisher\":{\"@id\":\"https:\/\/www.facelvega.shop\/fr\/homepage-en\/#organization\"},\"potentialAction\":[{\"@type\":\"SearchAction\",\"target\":{\"@type\":\"EntryPoint\",\"urlTemplate\":\"https:\/\/www.facelvega.shop\/fr\/homepage-en\/?s={search_term_string}\"},\"query-input\":{\"@type\":\"PropertyValueSpecification\",\"valueRequired\":true,\"valueName\":\"search_term_string\"}}],\"inLanguage\":\"fr-FR\"},{\"@type\":\"Organization\",\"@id\":\"https:\/\/www.facelvega.shop\/fr\/homepage-en\/#organization\",\"name\":\"Facel Vega Shop\",\"url\":\"https:\/\/www.facelvega.shop\/fr\/homepage-en\/\",\"logo\":{\"@type\":\"ImageObject\",\"inLanguage\":\"fr-FR\",\"@id\":\"https:\/\/www.facelvega.shop\/fr\/homepage-en\/#\/schema\/logo\/image\/\",\"url\":\"https:\/\/www.facelvega.shop\/wp-content\/uploads\/2020\/01\/Logo_Amicale-Facel-Holland_PNG.png\",\"contentUrl\":\"https:\/\/www.facelvega.shop\/wp-content\/uploads\/2020\/01\/Logo_Amicale-Facel-Holland_PNG.png\",\"width\":665,\"height\":165,\"caption\":\"Facel Vega Shop\"},\"image\":{\"@id\":\"https:\/\/www.facelvega.shop\/fr\/homepage-en\/#\/schema\/logo\/image\/\"}}]}<\/script>\n<!-- \/ Yoast SEO plugin. -->","yoast_head_json":{"title":"Facel Vega Shop","robots":{"index":"index","follow":"follow","max-snippet":"max-snippet:-1","max-image-preview":"max-image-preview:large","max-video-preview":"max-video-preview:-1"},"canonical":"https:\/\/www.facelvega.shop\/fr\/contact-3\/","og_locale":"fr_FR","og_type":"article","og_title":"Facel Vega Shop","og_description":"Contact Comment pouvons-nous vous aider? Envoyer un message Contact Tel: +0031 529 481 385 E-mail: info@classic-job.nl &amp; info@amicalefacel.nl Adresse Classic Job BV De Vesting 24 7722 GA Dalfsen Les Pays-Bas Chambre du Commerce: 05085561 Num\u00e9ro de TVA: NL81807890.BO1","og_url":"https:\/\/www.facelvega.shop\/fr\/contact-3\/","og_site_name":"Facel Vega Shop","article_modified_time":"2021-10-05T10:12:15+00:00","og_image":[{"width":1672,"height":1096,"url":"https:\/\/www.facelvega.shop\/wp-content\/uploads\/2020\/01\/facel-gray.jpg","type":"image\/jpeg"}],"twitter_card":"summary_large_image","twitter_misc":{"Dur\u00e9e de lecture estim\u00e9e":"1 minute"},"schema":{"@context":"https:\/\/schema.org","@graph":[{"@type":"WebPage","@id":"https:\/\/www.facelvega.shop\/fr\/contact-3\/","url":"https:\/\/www.facelvega.shop\/fr\/contact-3\/","name":"Facel Vega Shop","isPartOf":{"@id":"https:\/\/www.facelvega.shop\/fr\/homepage-en\/#website"},"primaryImageOfPage":{"@id":"https:\/\/www.facelvega.shop\/fr\/contact-3\/#primaryimage"},"image":{"@id":"https:\/\/www.facelvega.shop\/fr\/contact-3\/#primaryimage"},"thumbnailUrl":"https:\/\/www.facelvega.shop\/wp-content\/uploads\/2020\/01\/facel-gray.jpg","datePublished":"2021-02-10T11:31:52+00:00","dateModified":"2021-10-05T10:12:15+00:00","breadcrumb":{"@id":"https:\/\/www.facelvega.shop\/fr\/contact-3\/#breadcrumb"},"inLanguage":"fr-FR","potentialAction":[{"@type":"ReadAction","target":["https:\/\/www.facelvega.shop\/fr\/contact-3\/"]}]},{"@type":"ImageObject","inLanguage":"fr-FR","@id":"https:\/\/www.facelvega.shop\/fr\/contact-3\/#primaryimage","url":"https:\/\/www.facelvega.shop\/wp-content\/uploads\/2020\/01\/facel-gray.jpg","contentUrl":"https:\/\/www.facelvega.shop\/wp-content\/uploads\/2020\/01\/facel-gray.jpg","width":1672,"height":1096},{"@type":"BreadcrumbList","@id":"https:\/\/www.facelvega.shop\/fr\/contact-3\/#breadcrumb","itemListElement":[{"@type":"ListItem","position":1,"name":"Home","item":"https:\/\/www.facelvega.shop\/fr\/homepage\/"},{"@type":"ListItem","position":2,"name":"Contact"}]},{"@type":"WebSite","@id":"https:\/\/www.facelvega.shop\/fr\/homepage-en\/#website","url":"https:\/\/www.facelvega.shop\/fr\/homepage-en\/","name":"Facel Vega Shop","description":"","publisher":{"@id":"https:\/\/www.facelvega.shop\/fr\/homepage-en\/#organization"},"potentialAction":[{"@type":"SearchAction","target":{"@type":"EntryPoint","urlTemplate":"https:\/\/www.facelvega.shop\/fr\/homepage-en\/?s={search_term_string}"},"query-input":{"@type":"PropertyValueSpecification","valueRequired":true,"valueName":"search_term_string"}}],"inLanguage":"fr-FR"},{"@type":"Organization","@id":"https:\/\/www.facelvega.shop\/fr\/homepage-en\/#organization","name":"Facel Vega Shop","url":"https:\/\/www.facelvega.shop\/fr\/homepage-en\/","logo":{"@type":"ImageObject","inLanguage":"fr-FR","@id":"https:\/\/www.facelvega.shop\/fr\/homepage-en\/#\/schema\/logo\/image\/","url":"https:\/\/www.facelvega.shop\/wp-content\/uploads\/2020\/01\/Logo_Amicale-Facel-Holland_PNG.png","contentUrl":"https:\/\/www.facelvega.shop\/wp-content\/uploads\/2020\/01\/Logo_Amicale-Facel-Holland_PNG.png","width":665,"height":165,"caption":"Facel Vega Shop"},"image":{"@id":"https:\/\/www.facelvega.shop\/fr\/homepage-en\/#\/schema\/logo\/image\/"}}]}},"_links":{"self":[{"href":"https:\/\/www.facelvega.shop\/fr\/wp-json\/wp\/v2\/pages\/15168","targetHints":{"allow":["GET"]}}],"collection":[{"href":"https:\/\/www.facelvega.shop\/fr\/wp-json\/wp\/v2\/pages"}],"about":[{"href":"https:\/\/www.facelvega.shop\/fr\/wp-json\/wp\/v2\/types\/page"}],"author":[{"embeddable":true,"href":"https:\/\/www.facelvega.shop\/fr\/wp-json\/wp\/v2\/users\/3"}],"replies":[{"embeddable":true,"href":"https:\/\/www.facelvega.shop\/fr\/wp-json\/wp\/v2\/comments?post=15168"}],"version-history":[{"count":0,"href":"https:\/\/www.facelvega.shop\/fr\/wp-json\/wp\/v2\/pages\/15168\/revisions"}],"wp:featuredmedia":[{"embeddable":true,"href":"https:\/\/www.facelvega.shop\/fr\/wp-json\/wp\/v2\/media\/1248"}],"wp:attachment":[{"href":"https:\/\/www.facelvega.shop\/fr\/wp-json\/wp\/v2\/media?parent=15168"}],"curies":[{"name":"wp","href":"https:\/\/api.w.org\/{rel}","templated":true}]}}